{"id":43575,"date":"2019-07-02T13:29:33","date_gmt":"2019-07-02T17:29:33","guid":{"rendered":"https:\/\/theatreanimagination.com\/privacy-policy\/"},"modified":"2025-12-01T10:12:43","modified_gmt":"2025-12-01T15:12:43","slug":"privacy-policy","status":"publish","type":"page","link":"https:\/\/theatreanimagination.com\/en\/privacy-policy\/","title":{"rendered":"Privacy Policy"},"content":{"rendered":"&#13;\n<h2 class=\"wp-block-heading\">About Us<\/h2>&#13;\n&#13;\n<p>Our website address is: https:\/\/theatreanimagination.com.<\/p>&#13;\n&#13;\n<h2 class=\"wp-block-heading\">What Personal Data is Retained and Why<\/h2>&#13;\n&#13;\n<h3 class=\"wp-block-heading\">Cookies<\/h3>&#13;\n&#13;\n<p>If you visit the login page, a temporary cookie will be created to determine if your browser accepts cookies. It contains no personal data and will be automatically deleted when you close your browser.<\/p>&#13;\n&#13;\n<p>When you log in, we will set up several cookies to save your login information and screen preferences. A login cookie lasts for two days, and a screen options cookie lasts for one year. If you select &#8220;Remember me&#8221;, your login cookie will be retained for two weeks. If you log out of your account, the login cookie will be deleted.<\/p>&#13;\n&#13;\n<h3 class=\"wp-block-heading\">Embedded Content from other Websites<\/h3>&#13;\n&#13;\n<p>Articles on this site may include embedded content (e.g., videos, images, articles, etc.). Content embedded from other sites behaves in the exact same way as if the visitor had visited the other site.<\/p>&#13;\n&#13;\n<p>These websites may collect data about you, use cookies, install third-party tracking tools, or monitor your interactions with this embedded content if you have an account and are logged in to their website.<\/p>&#13;\n&#13;\n<h2 class=\"wp-block-heading\">Data Analysis<\/h2>&#13;\n&#13;\n<h3 class=\"wp-block-heading\">With whom We Share your Data<\/h3>&#13;\n<p>\u00c0 remplir<\/p>&#13;\n&#13;\n<h3 class=\"wp-block-heading\">How Long is your Data Stored?<\/h3>&#13;\n&#13;\n<p>For users who register on our site, we store the personal data indicated in their profile. All users can view, edit, or delete their personal information at any time (with the exception of their username). Site administrators can also view and edit this information.<\/p>&#13;\n&#13;\n<h2 class=\"wp-block-heading\">What are your Rights Regarding your Data?<\/h2>&#13;\n&#13;\n<p>If you have an account, you can request to receive a file containing all personal data we hold about you, including any data you have provided to us. You can also request the deletion of personal data concerning you. This does not include data stored for administrative, legal, or security purposes.<\/p>&#13;\n","protected":false},"excerpt":{"rendered":"<p>&#13; About Us &#13; &#13; Our website address is: https:\/\/theatreanimagination.com. &#13; &#13; What Personal Data is Retained and Why &#13; &#13; Cookies &#13; &#13; If you visit the login page, a temporary cookie will be created to determine if your browser accepts cookies. It contains no personal data and will be automatically deleted when you [&hellip;]<\/p>\n","protected":false},"author":1,"featured_media":0,"parent":0,"menu_order":0,"comment_status":"closed","ping_status":"open","template":"","meta":{"_acf_changed":false,"site-sidebar-layout":"default","site-content-layout":"default","ast-site-content-layout":"default","site-content-style":"default","site-sidebar-style":"default","ast-global-header-display":"","ast-banner-title-visibility":"","ast-main-header-display":"","ast-hfb-above-header-display":"","ast-hfb-below-header-display":"","ast-hfb-mobile-header-display":"","site-post-title":"","ast-breadcrumbs-content":"","ast-featured-img":"","footer-sml-layout":"","ast-disable-related-posts":"","theme-transparent-header-meta":"default","adv-header-id-meta":"","stick-header-meta":"","header-above-stick-meta":"","header-main-stick-meta":"","header-below-stick-meta":"","astra-migrate-meta-layouts":"default","ast-page-background-enabled":"default","ast-page-background-meta":{"desktop":{"background-color":"","background-image":"","background-repeat":"repeat","background-position":"center center","background-size":"auto","background-attachment":"scroll","background-type":"","background-media":"","overlay-type":"","overlay-color":"","overlay-opacity":"","overlay-gradient":""},"tablet":{"background-color":"","background-image":"","background-repeat":"repeat","background-position":"center center","background-size":"auto","background-attachment":"scroll","background-type":"","background-media":"","overlay-type":"","overlay-color":"","overlay-opacity":"","overlay-gradient":""},"mobile":{"background-color":"","background-image":"","background-repeat":"repeat","background-position":"center center","background-size":"auto","background-attachment":"scroll","background-type":"","background-media":"","overlay-type":"","overlay-color":"","overlay-opacity":"","overlay-gradient":""}},"ast-content-background-meta":{"desktop":{"background-color":"var(--ast-global-color-5)","background-image":"","background-repeat":"repeat","background-position":"center center","background-size":"auto","background-attachment":"scroll","background-type":"","background-media":"","overlay-type":"","overlay-color":"","overlay-opacity":"","overlay-gradient":""},"tablet":{"background-color":"var(--ast-global-color-5)","background-image":"","background-repeat":"repeat","background-position":"center center","background-size":"auto","background-attachment":"scroll","background-type":"","background-media":"","overlay-type":"","overlay-color":"","overlay-opacity":"","overlay-gradient":""},"mobile":{"background-color":"var(--ast-global-color-5)","background-image":"","background-repeat":"repeat","background-position":"center center","background-size":"auto","background-attachment":"scroll","background-type":"","background-media":"","overlay-type":"","overlay-color":"","overlay-opacity":"","overlay-gradient":""}},"footnotes":""},"class_list":["post-43575","page","type-page","status-publish","hentry"],"acf":[],"yoast_head":"<!-- This site is optimized with the Yoast SEO Premium plugin v27.3 (Yoast SEO v27.3) - https:\/\/yoast.com\/product\/yoast-seo-premium-wordpress\/ -->\n<title>Privacy Policy &#8211; Th\u00e9\u00e2tre Animagination<\/title>\n<meta name=\"robots\" content=\"index, follow, max-snippet:-1, max-image-preview:large, max-video-preview:-1\" \/>\n<link rel=\"canonical\" href=\"https:\/\/theatreanimagination.com\/en\/privacy-policy\/\" \/>\n<meta property=\"og:locale\" content=\"en_US\" \/>\n<meta property=\"og:type\" content=\"article\" \/>\n<meta property=\"og:title\" content=\"Privacy Policy\" \/>\n<meta property=\"og:description\" content=\"&#013; About Us &#013; &#013; Our website address is: https:\/\/theatreanimagination.com. &#013; &#013; What Personal Data is Retained and Why &#013; &#013; Cookies &#013; &#013; If you visit the login page, a temporary cookie will be created to determine if your browser accepts cookies. It contains no personal data and will be automatically deleted when you [&hellip;]\" \/>\n<meta property=\"og:url\" content=\"https:\/\/theatreanimagination.com\/en\/privacy-policy\/\" \/>\n<meta property=\"og:site_name\" content=\"Th\u00e9\u00e2tre Animagination\" \/>\n<meta property=\"article:publisher\" content=\"https:\/\/www.facebook.com\/theatreanimagination\/\" \/>\n<meta property=\"article:modified_time\" content=\"2025-12-01T15:12:43+00:00\" \/>\n<meta name=\"twitter:card\" content=\"summary_large_image\" \/>\n<meta name=\"twitter:label1\" content=\"Est. reading time\" \/>\n\t<meta name=\"twitter:data1\" content=\"2 minutes\" \/>\n<script type=\"application\/ld+json\" class=\"yoast-schema-graph\">{\"@context\":\"https:\\\/\\\/schema.org\",\"@graph\":[{\"@type\":\"WebPage\",\"@id\":\"https:\\\/\\\/theatreanimagination.com\\\/en\\\/privacy-policy\\\/\",\"url\":\"https:\\\/\\\/theatreanimagination.com\\\/en\\\/privacy-policy\\\/\",\"name\":\"Privacy Policy &#8211; Th\u00e9\u00e2tre Animagination\",\"isPartOf\":{\"@id\":\"https:\\\/\\\/theatreanimagination.com\\\/en\\\/#website\"},\"datePublished\":\"2019-07-02T17:29:33+00:00\",\"dateModified\":\"2025-12-01T15:12:43+00:00\",\"breadcrumb\":{\"@id\":\"https:\\\/\\\/theatreanimagination.com\\\/en\\\/privacy-policy\\\/#breadcrumb\"},\"inLanguage\":\"en-US\",\"potentialAction\":[{\"@type\":\"ReadAction\",\"target\":[\"https:\\\/\\\/theatreanimagination.com\\\/en\\\/privacy-policy\\\/\"]}]},{\"@type\":\"BreadcrumbList\",\"@id\":\"https:\\\/\\\/theatreanimagination.com\\\/en\\\/privacy-policy\\\/#breadcrumb\",\"itemListElement\":[{\"@type\":\"ListItem\",\"position\":1,\"name\":\"Accueil\",\"item\":\"https:\\\/\\\/theatreanimagination.com\\\/en\\\/\"},{\"@type\":\"ListItem\",\"position\":2,\"name\":\"Privacy Policy\"}]},{\"@type\":\"WebSite\",\"@id\":\"https:\\\/\\\/theatreanimagination.com\\\/en\\\/#website\",\"url\":\"https:\\\/\\\/theatreanimagination.com\\\/en\\\/\",\"name\":\"Th\u00e9\u00e2tre Animagination\",\"description\":\"Textes de th\u00e9\u00e2tre pour enfants\",\"publisher\":{\"@id\":\"https:\\\/\\\/theatreanimagination.com\\\/en\\\/#organization\"},\"potentialAction\":[{\"@type\":\"SearchAction\",\"target\":{\"@type\":\"EntryPoint\",\"urlTemplate\":\"https:\\\/\\\/theatreanimagination.com\\\/en\\\/?s={search_term_string}\"},\"query-input\":{\"@type\":\"PropertyValueSpecification\",\"valueRequired\":true,\"valueName\":\"search_term_string\"}}],\"inLanguage\":\"en-US\"},{\"@type\":\"Organization\",\"@id\":\"https:\\\/\\\/theatreanimagination.com\\\/en\\\/#organization\",\"name\":\"Th\u00e9\u00e2tre Animagination\",\"url\":\"https:\\\/\\\/theatreanimagination.com\\\/en\\\/\",\"logo\":{\"@type\":\"ImageObject\",\"inLanguage\":\"en-US\",\"@id\":\"https:\\\/\\\/theatreanimagination.com\\\/en\\\/#\\\/schema\\\/logo\\\/image\\\/\",\"url\":\"https:\\\/\\\/theatreanimagination.com\\\/wp-content\\\/uploads\\\/2019\\\/07\\\/Theatre-Animagination.png\",\"contentUrl\":\"https:\\\/\\\/theatreanimagination.com\\\/wp-content\\\/uploads\\\/2019\\\/07\\\/Theatre-Animagination.png\",\"width\":236,\"height\":124,\"caption\":\"Th\u00e9\u00e2tre Animagination\"},\"image\":{\"@id\":\"https:\\\/\\\/theatreanimagination.com\\\/en\\\/#\\\/schema\\\/logo\\\/image\\\/\"},\"sameAs\":[\"https:\\\/\\\/www.facebook.com\\\/theatreanimagination\\\/\",\"https:\\\/\\\/www.pinterest.fr\\\/source\\\/theatreanimagination.com\\\/\",\"https:\\\/\\\/www.youtube.com\\\/channel\\\/UCB_XCMuch-MLldpuIhh7AZw\"]}]}<\/script>\n<!-- \/ Yoast SEO Premium plugin. -->","yoast_head_json":{"title":"Privacy Policy &#8211; Th\u00e9\u00e2tre Animagination","robots":{"index":"index","follow":"follow","max-snippet":"max-snippet:-1","max-image-preview":"max-image-preview:large","max-video-preview":"max-video-preview:-1"},"canonical":"https:\/\/theatreanimagination.com\/en\/privacy-policy\/","og_locale":"en_US","og_type":"article","og_title":"Privacy Policy","og_description":"&#13; About Us &#13; &#13; Our website address is: https:\/\/theatreanimagination.com. &#13; &#13; What Personal Data is Retained and Why &#13; &#13; Cookies &#13; &#13; If you visit the login page, a temporary cookie will be created to determine if your browser accepts cookies. It contains no personal data and will be automatically deleted when you [&hellip;]","og_url":"https:\/\/theatreanimagination.com\/en\/privacy-policy\/","og_site_name":"Th\u00e9\u00e2tre Animagination","article_publisher":"https:\/\/www.facebook.com\/theatreanimagination\/","article_modified_time":"2025-12-01T15:12:43+00:00","twitter_card":"summary_large_image","twitter_misc":{"Est. reading time":"2 minutes"},"schema":{"@context":"https:\/\/schema.org","@graph":[{"@type":"WebPage","@id":"https:\/\/theatreanimagination.com\/en\/privacy-policy\/","url":"https:\/\/theatreanimagination.com\/en\/privacy-policy\/","name":"Privacy Policy &#8211; Th\u00e9\u00e2tre Animagination","isPartOf":{"@id":"https:\/\/theatreanimagination.com\/en\/#website"},"datePublished":"2019-07-02T17:29:33+00:00","dateModified":"2025-12-01T15:12:43+00:00","breadcrumb":{"@id":"https:\/\/theatreanimagination.com\/en\/privacy-policy\/#breadcrumb"},"inLanguage":"en-US","potentialAction":[{"@type":"ReadAction","target":["https:\/\/theatreanimagination.com\/en\/privacy-policy\/"]}]},{"@type":"BreadcrumbList","@id":"https:\/\/theatreanimagination.com\/en\/privacy-policy\/#breadcrumb","itemListElement":[{"@type":"ListItem","position":1,"name":"Accueil","item":"https:\/\/theatreanimagination.com\/en\/"},{"@type":"ListItem","position":2,"name":"Privacy Policy"}]},{"@type":"WebSite","@id":"https:\/\/theatreanimagination.com\/en\/#website","url":"https:\/\/theatreanimagination.com\/en\/","name":"Th\u00e9\u00e2tre Animagination","description":"Textes de th\u00e9\u00e2tre pour enfants","publisher":{"@id":"https:\/\/theatreanimagination.com\/en\/#organization"},"potentialAction":[{"@type":"SearchAction","target":{"@type":"EntryPoint","urlTemplate":"https:\/\/theatreanimagination.com\/en\/?s={search_term_string}"},"query-input":{"@type":"PropertyValueSpecification","valueRequired":true,"valueName":"search_term_string"}}],"inLanguage":"en-US"},{"@type":"Organization","@id":"https:\/\/theatreanimagination.com\/en\/#organization","name":"Th\u00e9\u00e2tre Animagination","url":"https:\/\/theatreanimagination.com\/en\/","logo":{"@type":"ImageObject","inLanguage":"en-US","@id":"https:\/\/theatreanimagination.com\/en\/#\/schema\/logo\/image\/","url":"https:\/\/theatreanimagination.com\/wp-content\/uploads\/2019\/07\/Theatre-Animagination.png","contentUrl":"https:\/\/theatreanimagination.com\/wp-content\/uploads\/2019\/07\/Theatre-Animagination.png","width":236,"height":124,"caption":"Th\u00e9\u00e2tre Animagination"},"image":{"@id":"https:\/\/theatreanimagination.com\/en\/#\/schema\/logo\/image\/"},"sameAs":["https:\/\/www.facebook.com\/theatreanimagination\/","https:\/\/www.pinterest.fr\/source\/theatreanimagination.com\/","https:\/\/www.youtube.com\/channel\/UCB_XCMuch-MLldpuIhh7AZw"]}]}},"_links":{"self":[{"href":"https:\/\/theatreanimagination.com\/en\/wp-json\/wp\/v2\/pages\/43575","targetHints":{"allow":["GET"]}}],"collection":[{"href":"https:\/\/theatreanimagination.com\/en\/wp-json\/wp\/v2\/pages"}],"about":[{"href":"https:\/\/theatreanimagination.com\/en\/wp-json\/wp\/v2\/types\/page"}],"author":[{"embeddable":true,"href":"https:\/\/theatreanimagination.com\/en\/wp-json\/wp\/v2\/users\/1"}],"replies":[{"embeddable":true,"href":"https:\/\/theatreanimagination.com\/en\/wp-json\/wp\/v2\/comments?post=43575"}],"version-history":[{"count":1,"href":"https:\/\/theatreanimagination.com\/en\/wp-json\/wp\/v2\/pages\/43575\/revisions"}],"predecessor-version":[{"id":43576,"href":"https:\/\/theatreanimagination.com\/en\/wp-json\/wp\/v2\/pages\/43575\/revisions\/43576"}],"wp:attachment":[{"href":"https:\/\/theatreanimagination.com\/en\/wp-json\/wp\/v2\/media?parent=43575"}],"curies":[{"name":"wp","href":"https:\/\/api.w.org\/{rel}","templated":true}]}}