{"id":43579,"date":"2015-09-21T15:49:03","date_gmt":"2015-09-21T19:49:03","guid":{"rendered":"https:\/\/theatreanimagination.com\/text-article-europe\/"},"modified":"2025-12-12T12:55:50","modified_gmt":"2025-12-12T17:55:50","slug":"text-article-europe","status":"publish","type":"page","link":"https:\/\/theatreanimagination.com\/en\/text-article-europe\/","title":{"rendered":"Europe Tour Article"},"content":{"rendered":"<p><img decoding=\"async\" title=\"Europe Tour Article\" src=\"https:\/\/theatreanimagination.com\/wp-content\/uploads\/2014\/06\/cmspages-ArticleJournalRivi_res-NantesP.jpg\" alt=\"Newspaper Article on Luc Boulanger's Workshop Tour in Europe\"><\/p>\n","protected":false},"excerpt":{"rendered":"<p>Europe Tour Article<\/p>\n","protected":false},"author":2939,"featured_media":0,"parent":0,"menu_order":0,"comment_status":"open","ping_status":"open","template":"","meta":{"_acf_changed":false,"site-sidebar-layout":"default","site-content-layout":"default","ast-site-content-layout":"default","site-content-style":"default","site-sidebar-style":"default","ast-global-header-display":"","ast-banner-title-visibility":"","ast-main-header-display":"","ast-hfb-above-header-display":"","ast-hfb-below-header-display":"","ast-hfb-mobile-header-display":"","site-post-title":"","ast-breadcrumbs-content":"","ast-featured-img":"","footer-sml-layout":"","ast-disable-related-posts":"","theme-transparent-header-meta":"default","adv-header-id-meta":"","stick-header-meta":"","header-above-stick-meta":"","header-main-stick-meta":"","header-below-stick-meta":"","astra-migrate-meta-layouts":"default","ast-page-background-enabled":"default","ast-page-background-meta":{"desktop":{"background-color":"","background-image":"","background-repeat":"repeat","background-position":"center center","background-size":"auto","background-attachment":"scroll","background-type":"","background-media":"","overlay-type":"","overlay-color":"","overlay-opacity":"","overlay-gradient":""},"tablet":{"background-color":"","background-image":"","background-repeat":"repeat","background-position":"center center","background-size":"auto","background-attachment":"scroll","background-type":"","background-media":"","overlay-type":"","overlay-color":"","overlay-opacity":"","overlay-gradient":""},"mobile":{"background-color":"","background-image":"","background-repeat":"repeat","background-position":"center center","background-size":"auto","background-attachment":"scroll","background-type":"","background-media":"","overlay-type":"","overlay-color":"","overlay-opacity":"","overlay-gradient":""}},"ast-content-background-meta":{"desktop":{"background-color":"var(--ast-global-color-5)","background-image":"","background-repeat":"repeat","background-position":"center center","background-size":"auto","background-attachment":"scroll","background-type":"","background-media":"","overlay-type":"","overlay-color":"","overlay-opacity":"","overlay-gradient":""},"tablet":{"background-color":"var(--ast-global-color-5)","background-image":"","background-repeat":"repeat","background-position":"center center","background-size":"auto","background-attachment":"scroll","background-type":"","background-media":"","overlay-type":"","overlay-color":"","overlay-opacity":"","overlay-gradient":""},"mobile":{"background-color":"var(--ast-global-color-5)","background-image":"","background-repeat":"repeat","background-position":"center center","background-size":"auto","background-attachment":"scroll","background-type":"","background-media":"","overlay-type":"","overlay-color":"","overlay-opacity":"","overlay-gradient":""}},"footnotes":""},"class_list":["post-43579","page","type-page","status-publish","hentry"],"acf":[],"yoast_head":"<!-- This site is optimized with the Yoast SEO Premium plugin v27.3 (Yoast SEO v27.3) - https:\/\/yoast.com\/product\/yoast-seo-premium-wordpress\/ -->\n<title>Author Luc Boulanger on Tour in Europe &#8211; Th\u00e9\u00e2tre Animagination<\/title>\n<meta name=\"description\" content=\"Children&#039;s theater author Luc Boulanger toured Europe to meet the artists performing his plays.\" \/>\n<meta name=\"robots\" content=\"index, follow, max-snippet:-1, max-image-preview:large, max-video-preview:-1\" \/>\n<link rel=\"canonical\" href=\"https:\/\/theatreanimagination.com\/en\/text-article-europe\/\" \/>\n<meta property=\"og:locale\" content=\"en_US\" \/>\n<meta property=\"og:type\" content=\"article\" \/>\n<meta property=\"og:title\" content=\"Europe Tour Article\" \/>\n<meta property=\"og:description\" content=\"Children&#039;s theater author Luc Boulanger toured Europe to meet the artists performing his plays.\" \/>\n<meta property=\"og:url\" content=\"https:\/\/theatreanimagination.com\/en\/text-article-europe\/\" \/>\n<meta property=\"og:site_name\" content=\"Th\u00e9\u00e2tre Animagination\" \/>\n<meta property=\"article:publisher\" content=\"https:\/\/www.facebook.com\/theatreanimagination\/\" \/>\n<meta property=\"article:modified_time\" content=\"2025-12-12T17:55:50+00:00\" \/>\n<meta property=\"og:image\" content=\"https:\/\/theatreanimagination.com\/wp-content\/uploads\/2014\/06\/cmspages-ArticleJournalRivi_res-NantesP.jpg\" \/>\n<meta name=\"twitter:card\" content=\"summary_large_image\" \/>\n<script type=\"application\/ld+json\" class=\"yoast-schema-graph\">{\"@context\":\"https:\\\/\\\/schema.org\",\"@graph\":[{\"@type\":\"WebPage\",\"@id\":\"https:\\\/\\\/theatreanimagination.com\\\/en\\\/text-article-europe\\\/\",\"url\":\"https:\\\/\\\/theatreanimagination.com\\\/en\\\/text-article-europe\\\/\",\"name\":\"Author Luc Boulanger on Tour in Europe &#8211; Th\u00e9\u00e2tre Animagination\",\"isPartOf\":{\"@id\":\"https:\\\/\\\/theatreanimagination.com\\\/en\\\/#website\"},\"primaryImageOfPage\":{\"@id\":\"https:\\\/\\\/theatreanimagination.com\\\/en\\\/text-article-europe\\\/#primaryimage\"},\"image\":{\"@id\":\"https:\\\/\\\/theatreanimagination.com\\\/en\\\/text-article-europe\\\/#primaryimage\"},\"thumbnailUrl\":\"https:\\\/\\\/theatreanimagination.com\\\/wp-content\\\/uploads\\\/2014\\\/06\\\/cmspages-ArticleJournalRivi_res-NantesP.jpg\",\"datePublished\":\"2015-09-21T19:49:03+00:00\",\"dateModified\":\"2025-12-12T17:55:50+00:00\",\"description\":\"Children's theater author Luc Boulanger toured Europe to meet the artists performing his plays.\",\"breadcrumb\":{\"@id\":\"https:\\\/\\\/theatreanimagination.com\\\/en\\\/text-article-europe\\\/#breadcrumb\"},\"inLanguage\":\"en-US\",\"potentialAction\":[{\"@type\":\"ReadAction\",\"target\":[\"https:\\\/\\\/theatreanimagination.com\\\/en\\\/text-article-europe\\\/\"]}]},{\"@type\":\"ImageObject\",\"inLanguage\":\"en-US\",\"@id\":\"https:\\\/\\\/theatreanimagination.com\\\/en\\\/text-article-europe\\\/#primaryimage\",\"url\":\"https:\\\/\\\/theatreanimagination.com\\\/wp-content\\\/uploads\\\/2014\\\/06\\\/cmspages-ArticleJournalRivi_res-NantesP.jpg\",\"contentUrl\":\"https:\\\/\\\/theatreanimagination.com\\\/wp-content\\\/uploads\\\/2014\\\/06\\\/cmspages-ArticleJournalRivi_res-NantesP.jpg\"},{\"@type\":\"BreadcrumbList\",\"@id\":\"https:\\\/\\\/theatreanimagination.com\\\/en\\\/text-article-europe\\\/#breadcrumb\",\"itemListElement\":[{\"@type\":\"ListItem\",\"position\":1,\"name\":\"Accueil\",\"item\":\"https:\\\/\\\/theatreanimagination.com\\\/en\\\/\"},{\"@type\":\"ListItem\",\"position\":2,\"name\":\"Europe Tour Article\"}]},{\"@type\":\"WebSite\",\"@id\":\"https:\\\/\\\/theatreanimagination.com\\\/en\\\/#website\",\"url\":\"https:\\\/\\\/theatreanimagination.com\\\/en\\\/\",\"name\":\"Th\u00e9\u00e2tre Animagination\",\"description\":\"Textes de th\u00e9\u00e2tre pour enfants\",\"publisher\":{\"@id\":\"https:\\\/\\\/theatreanimagination.com\\\/en\\\/#organization\"},\"potentialAction\":[{\"@type\":\"SearchAction\",\"target\":{\"@type\":\"EntryPoint\",\"urlTemplate\":\"https:\\\/\\\/theatreanimagination.com\\\/en\\\/?s={search_term_string}\"},\"query-input\":{\"@type\":\"PropertyValueSpecification\",\"valueRequired\":true,\"valueName\":\"search_term_string\"}}],\"inLanguage\":\"en-US\"},{\"@type\":\"Organization\",\"@id\":\"https:\\\/\\\/theatreanimagination.com\\\/en\\\/#organization\",\"name\":\"Th\u00e9\u00e2tre Animagination\",\"url\":\"https:\\\/\\\/theatreanimagination.com\\\/en\\\/\",\"logo\":{\"@type\":\"ImageObject\",\"inLanguage\":\"en-US\",\"@id\":\"https:\\\/\\\/theatreanimagination.com\\\/en\\\/#\\\/schema\\\/logo\\\/image\\\/\",\"url\":\"https:\\\/\\\/theatreanimagination.com\\\/wp-content\\\/uploads\\\/2019\\\/07\\\/Theatre-Animagination.png\",\"contentUrl\":\"https:\\\/\\\/theatreanimagination.com\\\/wp-content\\\/uploads\\\/2019\\\/07\\\/Theatre-Animagination.png\",\"width\":236,\"height\":124,\"caption\":\"Th\u00e9\u00e2tre Animagination\"},\"image\":{\"@id\":\"https:\\\/\\\/theatreanimagination.com\\\/en\\\/#\\\/schema\\\/logo\\\/image\\\/\"},\"sameAs\":[\"https:\\\/\\\/www.facebook.com\\\/theatreanimagination\\\/\",\"https:\\\/\\\/www.pinterest.fr\\\/source\\\/theatreanimagination.com\\\/\",\"https:\\\/\\\/www.youtube.com\\\/channel\\\/UCB_XCMuch-MLldpuIhh7AZw\"]}]}<\/script>\n<!-- \/ Yoast SEO Premium plugin. -->","yoast_head_json":{"title":"Author Luc Boulanger on Tour in Europe &#8211; Th\u00e9\u00e2tre Animagination","description":"Children's theater author Luc Boulanger toured Europe to meet the artists performing his plays.","robots":{"index":"index","follow":"follow","max-snippet":"max-snippet:-1","max-image-preview":"max-image-preview:large","max-video-preview":"max-video-preview:-1"},"canonical":"https:\/\/theatreanimagination.com\/en\/text-article-europe\/","og_locale":"en_US","og_type":"article","og_title":"Europe Tour Article","og_description":"Children's theater author Luc Boulanger toured Europe to meet the artists performing his plays.","og_url":"https:\/\/theatreanimagination.com\/en\/text-article-europe\/","og_site_name":"Th\u00e9\u00e2tre Animagination","article_publisher":"https:\/\/www.facebook.com\/theatreanimagination\/","article_modified_time":"2025-12-12T17:55:50+00:00","og_image":[{"url":"https:\/\/theatreanimagination.com\/wp-content\/uploads\/2014\/06\/cmspages-ArticleJournalRivi_res-NantesP.jpg","type":"","width":"","height":""}],"twitter_card":"summary_large_image","schema":{"@context":"https:\/\/schema.org","@graph":[{"@type":"WebPage","@id":"https:\/\/theatreanimagination.com\/en\/text-article-europe\/","url":"https:\/\/theatreanimagination.com\/en\/text-article-europe\/","name":"Author Luc Boulanger on Tour in Europe &#8211; Th\u00e9\u00e2tre Animagination","isPartOf":{"@id":"https:\/\/theatreanimagination.com\/en\/#website"},"primaryImageOfPage":{"@id":"https:\/\/theatreanimagination.com\/en\/text-article-europe\/#primaryimage"},"image":{"@id":"https:\/\/theatreanimagination.com\/en\/text-article-europe\/#primaryimage"},"thumbnailUrl":"https:\/\/theatreanimagination.com\/wp-content\/uploads\/2014\/06\/cmspages-ArticleJournalRivi_res-NantesP.jpg","datePublished":"2015-09-21T19:49:03+00:00","dateModified":"2025-12-12T17:55:50+00:00","description":"Children's theater author Luc Boulanger toured Europe to meet the artists performing his plays.","breadcrumb":{"@id":"https:\/\/theatreanimagination.com\/en\/text-article-europe\/#breadcrumb"},"inLanguage":"en-US","potentialAction":[{"@type":"ReadAction","target":["https:\/\/theatreanimagination.com\/en\/text-article-europe\/"]}]},{"@type":"ImageObject","inLanguage":"en-US","@id":"https:\/\/theatreanimagination.com\/en\/text-article-europe\/#primaryimage","url":"https:\/\/theatreanimagination.com\/wp-content\/uploads\/2014\/06\/cmspages-ArticleJournalRivi_res-NantesP.jpg","contentUrl":"https:\/\/theatreanimagination.com\/wp-content\/uploads\/2014\/06\/cmspages-ArticleJournalRivi_res-NantesP.jpg"},{"@type":"BreadcrumbList","@id":"https:\/\/theatreanimagination.com\/en\/text-article-europe\/#breadcrumb","itemListElement":[{"@type":"ListItem","position":1,"name":"Accueil","item":"https:\/\/theatreanimagination.com\/en\/"},{"@type":"ListItem","position":2,"name":"Europe Tour Article"}]},{"@type":"WebSite","@id":"https:\/\/theatreanimagination.com\/en\/#website","url":"https:\/\/theatreanimagination.com\/en\/","name":"Th\u00e9\u00e2tre Animagination","description":"Textes de th\u00e9\u00e2tre pour enfants","publisher":{"@id":"https:\/\/theatreanimagination.com\/en\/#organization"},"potentialAction":[{"@type":"SearchAction","target":{"@type":"EntryPoint","urlTemplate":"https:\/\/theatreanimagination.com\/en\/?s={search_term_string}"},"query-input":{"@type":"PropertyValueSpecification","valueRequired":true,"valueName":"search_term_string"}}],"inLanguage":"en-US"},{"@type":"Organization","@id":"https:\/\/theatreanimagination.com\/en\/#organization","name":"Th\u00e9\u00e2tre Animagination","url":"https:\/\/theatreanimagination.com\/en\/","logo":{"@type":"ImageObject","inLanguage":"en-US","@id":"https:\/\/theatreanimagination.com\/en\/#\/schema\/logo\/image\/","url":"https:\/\/theatreanimagination.com\/wp-content\/uploads\/2019\/07\/Theatre-Animagination.png","contentUrl":"https:\/\/theatreanimagination.com\/wp-content\/uploads\/2019\/07\/Theatre-Animagination.png","width":236,"height":124,"caption":"Th\u00e9\u00e2tre Animagination"},"image":{"@id":"https:\/\/theatreanimagination.com\/en\/#\/schema\/logo\/image\/"},"sameAs":["https:\/\/www.facebook.com\/theatreanimagination\/","https:\/\/www.pinterest.fr\/source\/theatreanimagination.com\/","https:\/\/www.youtube.com\/channel\/UCB_XCMuch-MLldpuIhh7AZw"]}]}},"_links":{"self":[{"href":"https:\/\/theatreanimagination.com\/en\/wp-json\/wp\/v2\/pages\/43579","targetHints":{"allow":["GET"]}}],"collection":[{"href":"https:\/\/theatreanimagination.com\/en\/wp-json\/wp\/v2\/pages"}],"about":[{"href":"https:\/\/theatreanimagination.com\/en\/wp-json\/wp\/v2\/types\/page"}],"author":[{"embeddable":true,"href":"https:\/\/theatreanimagination.com\/en\/wp-json\/wp\/v2\/users\/2939"}],"replies":[{"embeddable":true,"href":"https:\/\/theatreanimagination.com\/en\/wp-json\/wp\/v2\/comments?post=43579"}],"version-history":[{"count":1,"href":"https:\/\/theatreanimagination.com\/en\/wp-json\/wp\/v2\/pages\/43579\/revisions"}],"predecessor-version":[{"id":44323,"href":"https:\/\/theatreanimagination.com\/en\/wp-json\/wp\/v2\/pages\/43579\/revisions\/44323"}],"wp:attachment":[{"href":"https:\/\/theatreanimagination.com\/en\/wp-json\/wp\/v2\/media?parent=43579"}],"curies":[{"name":"wp","href":"https:\/\/api.w.org\/{rel}","templated":true}]}}