{"id":43580,"date":"2011-10-04T18:13:50","date_gmt":"2011-10-04T22:13:50","guid":{"rendered":"https:\/\/theatreanimagination.com\/billing-canada\/"},"modified":"2011-10-04T18:13:50","modified_gmt":"2011-10-04T22:13:50","slug":"billing-canada","status":"publish","type":"page","link":"https:\/\/theatreanimagination.com\/en\/billing-canada\/","title":{"rendered":"Billing for Educational Institutions in Canada"},"content":{"rendered":"<table style=\"font: 12px\/1.35 Arial, Helvetica, sans-serif;\" border=\"0\" width=\"612\" cellspacing=\"42\" cellpadding=\"0\">\n<tbody>\n<tr>\n<td>\n<table style=\"font: 11px\/1.35 Arial, Helvetica, sans-serif;\" border=\"0\" width=\"100%\" cellspacing=\"0\" cellpadding=\"0\">\n<tbody>\n<tr>\n<td><\/td>\n<td class=\"right\">&nbsp;<\/p>\n<p>472 Maurice-Renaud Avenue<br \/>\nQuebec (Quebec)<br \/>\nCanada G1M 3M9<br \/>\nTel: 1-418-952-3066<br \/>\ninfo@theatreanimagination.com <\/td>\n<\/tr>\n<\/tbody>\n<\/table>\n<h1><span style=\"color: gray;\"><br \/>\n<\/span>Information for Educational Institutions<br \/>\nin Quebec regarding their billing<\/h1>\n<p>&nbsp;<\/p>\n<p>Schools in Quebec can order one or more scripts, which will be sent by email with an invoice payable within 30 days. Orders can be placed online, by mail, or by phone. <\/p>\n<p><strong>Information to Provide:<br \/>\n<\/strong><span style=\"line-height: 1.35;\">Title(s) of selected scripts:<br \/>\n<\/span><span style=\"line-height: 1.35;\">School Name:<br \/>\n<\/span><span style=\"line-height: 1.35;\">School Mailing Address:<br \/>\n<\/span><span style=\"line-height: 1.35;\">Contact Person&#8217;s Name:<br \/>\n<\/span><span style=\"line-height: 1.35;\">Contact Person&#8217;s Email:<br \/>\n<\/span><span style=\"line-height: 1.35;\">Work Phone Number:<br \/>\n<\/span><span style=\"line-height: 1.35;\">Number of Performances:<br \/>\n<\/span><span style=\"line-height: 1.35;\">Approximate Performance Dates:<\/span><\/p>\n<p><strong>Our Contact Information:<\/strong><br \/>\nAnimagination<br \/>\n472 Maurice-Renaud Avenue<br \/>\nQuebec (Quebec)<br \/>\nG1M 3M9<\/p>\n<p>(418) 952-3066<br \/>\ninfo@theatreanimagination.com<\/p>\n<h3><\/h3>\n<\/td>\n<\/tr>\n<\/tbody>\n<\/table>\n","protected":false},"excerpt":{"rendered":"<p>Billing for Educational Institutions in Canada<\/p>\n","protected":false},"author":2939,"featured_media":0,"parent":0,"menu_order":0,"comment_status":"closed","ping_status":"closed","template":"","meta":{"_acf_changed":false,"site-sidebar-layout":"default","site-content-layout":"default","ast-site-content-layout":"default","site-content-style":"default","site-sidebar-style":"default","ast-global-header-display":"","ast-banner-title-visibility":"","ast-main-header-display":"","ast-hfb-above-header-display":"","ast-hfb-below-header-display":"","ast-hfb-mobile-header-display":"","site-post-title":"","ast-breadcrumbs-content":"","ast-featured-img":"","footer-sml-layout":"","ast-disable-related-posts":"","theme-transparent-header-meta":"default","adv-header-id-meta":"","stick-header-meta":"","header-above-stick-meta":"","header-main-stick-meta":"","header-below-stick-meta":"","astra-migrate-meta-layouts":"default","ast-page-background-enabled":"default","ast-page-background-meta":{"desktop":{"background-color":"","background-image":"","background-repeat":"repeat","background-position":"center center","background-size":"auto","background-attachment":"scroll","background-type":"","background-media":"","overlay-type":"","overlay-color":"","overlay-opacity":"","overlay-gradient":""},"tablet":{"background-color":"","background-image":"","background-repeat":"repeat","background-position":"center center","background-size":"auto","background-attachment":"scroll","background-type":"","background-media":"","overlay-type":"","overlay-color":"","overlay-opacity":"","overlay-gradient":""},"mobile":{"background-color":"","background-image":"","background-repeat":"repeat","background-position":"center center","background-size":"auto","background-attachment":"scroll","background-type":"","background-media":"","overlay-type":"","overlay-color":"","overlay-opacity":"","overlay-gradient":""}},"ast-content-background-meta":{"desktop":{"background-color":"var(--ast-global-color-5)","background-image":"","background-repeat":"repeat","background-position":"center center","background-size":"auto","background-attachment":"scroll","background-type":"","background-media":"","overlay-type":"","overlay-color":"","overlay-opacity":"","overlay-gradient":""},"tablet":{"background-color":"var(--ast-global-color-5)","background-image":"","background-repeat":"repeat","background-position":"center center","background-size":"auto","background-attachment":"scroll","background-type":"","background-media":"","overlay-type":"","overlay-color":"","overlay-opacity":"","overlay-gradient":""},"mobile":{"background-color":"var(--ast-global-color-5)","background-image":"","background-repeat":"repeat","background-position":"center center","background-size":"auto","background-attachment":"scroll","background-type":"","background-media":"","overlay-type":"","overlay-color":"","overlay-opacity":"","overlay-gradient":""}},"footnotes":""},"class_list":["post-43580","page","type-page","status-publish","hentry"],"acf":[],"yoast_head":"<!-- This site is optimized with the Yoast SEO Premium plugin v27.3 (Yoast SEO v27.3) - https:\/\/yoast.com\/product\/yoast-seo-premium-wordpress\/ -->\n<title>Billing for Educational Institutions in Canada &#8211; Th\u00e9\u00e2tre Animagination<\/title>\n<meta name=\"robots\" content=\"index, follow, max-snippet:-1, max-image-preview:large, max-video-preview:-1\" \/>\n<link rel=\"canonical\" href=\"https:\/\/theatreanimagination.com\/en\/billing-canada\/\" \/>\n<meta property=\"og:locale\" content=\"en_US\" \/>\n<meta property=\"og:type\" content=\"article\" \/>\n<meta property=\"og:title\" content=\"Billing for Educational Institutions in Canada\" \/>\n<meta property=\"og:description\" content=\"Billing for Educational Institutions in Canada\" \/>\n<meta property=\"og:url\" content=\"https:\/\/theatreanimagination.com\/en\/billing-canada\/\" \/>\n<meta property=\"og:site_name\" content=\"Th\u00e9\u00e2tre Animagination\" \/>\n<meta property=\"article:publisher\" content=\"https:\/\/www.facebook.com\/theatreanimagination\/\" \/>\n<meta name=\"twitter:card\" content=\"summary_large_image\" \/>\n<meta name=\"twitter:label1\" content=\"Est. reading time\" \/>\n\t<meta name=\"twitter:data1\" content=\"1 minute\" \/>\n<script type=\"application\/ld+json\" class=\"yoast-schema-graph\">{\"@context\":\"https:\\\/\\\/schema.org\",\"@graph\":[{\"@type\":\"WebPage\",\"@id\":\"https:\\\/\\\/theatreanimagination.com\\\/en\\\/billing-canada\\\/\",\"url\":\"https:\\\/\\\/theatreanimagination.com\\\/en\\\/billing-canada\\\/\",\"name\":\"Billing for Educational Institutions in Canada &#8211; Th\u00e9\u00e2tre Animagination\",\"isPartOf\":{\"@id\":\"https:\\\/\\\/theatreanimagination.com\\\/en\\\/#website\"},\"datePublished\":\"2011-10-04T22:13:50+00:00\",\"breadcrumb\":{\"@id\":\"https:\\\/\\\/theatreanimagination.com\\\/en\\\/billing-canada\\\/#breadcrumb\"},\"inLanguage\":\"en-US\",\"potentialAction\":[{\"@type\":\"ReadAction\",\"target\":[\"https:\\\/\\\/theatreanimagination.com\\\/en\\\/billing-canada\\\/\"]}]},{\"@type\":\"BreadcrumbList\",\"@id\":\"https:\\\/\\\/theatreanimagination.com\\\/en\\\/billing-canada\\\/#breadcrumb\",\"itemListElement\":[{\"@type\":\"ListItem\",\"position\":1,\"name\":\"Accueil\",\"item\":\"https:\\\/\\\/theatreanimagination.com\\\/en\\\/\"},{\"@type\":\"ListItem\",\"position\":2,\"name\":\"Billing for Educational Institutions in Canada\"}]},{\"@type\":\"WebSite\",\"@id\":\"https:\\\/\\\/theatreanimagination.com\\\/en\\\/#website\",\"url\":\"https:\\\/\\\/theatreanimagination.com\\\/en\\\/\",\"name\":\"Th\u00e9\u00e2tre Animagination\",\"description\":\"Textes de th\u00e9\u00e2tre pour enfants\",\"publisher\":{\"@id\":\"https:\\\/\\\/theatreanimagination.com\\\/en\\\/#organization\"},\"potentialAction\":[{\"@type\":\"SearchAction\",\"target\":{\"@type\":\"EntryPoint\",\"urlTemplate\":\"https:\\\/\\\/theatreanimagination.com\\\/en\\\/?s={search_term_string}\"},\"query-input\":{\"@type\":\"PropertyValueSpecification\",\"valueRequired\":true,\"valueName\":\"search_term_string\"}}],\"inLanguage\":\"en-US\"},{\"@type\":\"Organization\",\"@id\":\"https:\\\/\\\/theatreanimagination.com\\\/en\\\/#organization\",\"name\":\"Th\u00e9\u00e2tre Animagination\",\"url\":\"https:\\\/\\\/theatreanimagination.com\\\/en\\\/\",\"logo\":{\"@type\":\"ImageObject\",\"inLanguage\":\"en-US\",\"@id\":\"https:\\\/\\\/theatreanimagination.com\\\/en\\\/#\\\/schema\\\/logo\\\/image\\\/\",\"url\":\"https:\\\/\\\/theatreanimagination.com\\\/wp-content\\\/uploads\\\/2019\\\/07\\\/Theatre-Animagination.png\",\"contentUrl\":\"https:\\\/\\\/theatreanimagination.com\\\/wp-content\\\/uploads\\\/2019\\\/07\\\/Theatre-Animagination.png\",\"width\":236,\"height\":124,\"caption\":\"Th\u00e9\u00e2tre Animagination\"},\"image\":{\"@id\":\"https:\\\/\\\/theatreanimagination.com\\\/en\\\/#\\\/schema\\\/logo\\\/image\\\/\"},\"sameAs\":[\"https:\\\/\\\/www.facebook.com\\\/theatreanimagination\\\/\",\"https:\\\/\\\/www.pinterest.fr\\\/source\\\/theatreanimagination.com\\\/\",\"https:\\\/\\\/www.youtube.com\\\/channel\\\/UCB_XCMuch-MLldpuIhh7AZw\"]}]}<\/script>\n<!-- \/ Yoast SEO Premium plugin. -->","yoast_head_json":{"title":"Billing for Educational Institutions in Canada &#8211; Th\u00e9\u00e2tre Animagination","robots":{"index":"index","follow":"follow","max-snippet":"max-snippet:-1","max-image-preview":"max-image-preview:large","max-video-preview":"max-video-preview:-1"},"canonical":"https:\/\/theatreanimagination.com\/en\/billing-canada\/","og_locale":"en_US","og_type":"article","og_title":"Billing for Educational Institutions in Canada","og_description":"Billing for Educational Institutions in Canada","og_url":"https:\/\/theatreanimagination.com\/en\/billing-canada\/","og_site_name":"Th\u00e9\u00e2tre Animagination","article_publisher":"https:\/\/www.facebook.com\/theatreanimagination\/","twitter_card":"summary_large_image","twitter_misc":{"Est. reading time":"1 minute"},"schema":{"@context":"https:\/\/schema.org","@graph":[{"@type":"WebPage","@id":"https:\/\/theatreanimagination.com\/en\/billing-canada\/","url":"https:\/\/theatreanimagination.com\/en\/billing-canada\/","name":"Billing for Educational Institutions in Canada &#8211; Th\u00e9\u00e2tre Animagination","isPartOf":{"@id":"https:\/\/theatreanimagination.com\/en\/#website"},"datePublished":"2011-10-04T22:13:50+00:00","breadcrumb":{"@id":"https:\/\/theatreanimagination.com\/en\/billing-canada\/#breadcrumb"},"inLanguage":"en-US","potentialAction":[{"@type":"ReadAction","target":["https:\/\/theatreanimagination.com\/en\/billing-canada\/"]}]},{"@type":"BreadcrumbList","@id":"https:\/\/theatreanimagination.com\/en\/billing-canada\/#breadcrumb","itemListElement":[{"@type":"ListItem","position":1,"name":"Accueil","item":"https:\/\/theatreanimagination.com\/en\/"},{"@type":"ListItem","position":2,"name":"Billing for Educational Institutions in Canada"}]},{"@type":"WebSite","@id":"https:\/\/theatreanimagination.com\/en\/#website","url":"https:\/\/theatreanimagination.com\/en\/","name":"Th\u00e9\u00e2tre Animagination","description":"Textes de th\u00e9\u00e2tre pour enfants","publisher":{"@id":"https:\/\/theatreanimagination.com\/en\/#organization"},"potentialAction":[{"@type":"SearchAction","target":{"@type":"EntryPoint","urlTemplate":"https:\/\/theatreanimagination.com\/en\/?s={search_term_string}"},"query-input":{"@type":"PropertyValueSpecification","valueRequired":true,"valueName":"search_term_string"}}],"inLanguage":"en-US"},{"@type":"Organization","@id":"https:\/\/theatreanimagination.com\/en\/#organization","name":"Th\u00e9\u00e2tre Animagination","url":"https:\/\/theatreanimagination.com\/en\/","logo":{"@type":"ImageObject","inLanguage":"en-US","@id":"https:\/\/theatreanimagination.com\/en\/#\/schema\/logo\/image\/","url":"https:\/\/theatreanimagination.com\/wp-content\/uploads\/2019\/07\/Theatre-Animagination.png","contentUrl":"https:\/\/theatreanimagination.com\/wp-content\/uploads\/2019\/07\/Theatre-Animagination.png","width":236,"height":124,"caption":"Th\u00e9\u00e2tre Animagination"},"image":{"@id":"https:\/\/theatreanimagination.com\/en\/#\/schema\/logo\/image\/"},"sameAs":["https:\/\/www.facebook.com\/theatreanimagination\/","https:\/\/www.pinterest.fr\/source\/theatreanimagination.com\/","https:\/\/www.youtube.com\/channel\/UCB_XCMuch-MLldpuIhh7AZw"]}]}},"_links":{"self":[{"href":"https:\/\/theatreanimagination.com\/en\/wp-json\/wp\/v2\/pages\/43580","targetHints":{"allow":["GET"]}}],"collection":[{"href":"https:\/\/theatreanimagination.com\/en\/wp-json\/wp\/v2\/pages"}],"about":[{"href":"https:\/\/theatreanimagination.com\/en\/wp-json\/wp\/v2\/types\/page"}],"author":[{"embeddable":true,"href":"https:\/\/theatreanimagination.com\/en\/wp-json\/wp\/v2\/users\/2939"}],"replies":[{"embeddable":true,"href":"https:\/\/theatreanimagination.com\/en\/wp-json\/wp\/v2\/comments?post=43580"}],"version-history":[{"count":0,"href":"https:\/\/theatreanimagination.com\/en\/wp-json\/wp\/v2\/pages\/43580\/revisions"}],"wp:attachment":[{"href":"https:\/\/theatreanimagination.com\/en\/wp-json\/wp\/v2\/media?parent=43580"}],"curies":[{"name":"wp","href":"https:\/\/api.w.org\/{rel}","templated":true}]}}