{"id":44254,"date":"2015-08-27T19:12:00","date_gmt":"2015-08-27T23:12:00","guid":{"rendered":"https:\/\/theatreanimagination.com\/produit\/espions-espace\/"},"modified":"2025-12-09T19:10:41","modified_gmt":"2025-12-10T00:10:41","slug":"free-childrens-theatre-script","status":"publish","type":"product","link":"https:\/\/theatreanimagination.com\/en\/product\/free-childrens-theatre-script\/","title":{"rendered":"The Space Spies"},"content":{"rendered":"<h1>The Space Spies<\/h1>\n<p>Free children\u2019s theatre script by Luc Boulanger<br \/>\nIn tribute to all those classic <a href=\"https:\/\/en.wikipedia.org\/wiki\/Science_fiction\">sci-fi<\/a> films.<\/p>\n<h4>Characters<\/h4>\n<p>Jim<br \/>\nRobby the robot<br \/>\nChief<br \/>\nThe Frogman<br \/>\nDark Swabber<br \/>\nLeya<\/p>\n<p><span style=\"color: #ff0000;\"><strong>This free children\u2019s theatre script is not in the public domain. You must inform the author before using it, and any performance must take place in a non-professional (amateur) context. Any electronic, audiovisual, or printed reproduction without the author\u2019s explicit consent is strictly prohibited. All rights reserved.<\/strong><\/span><\/p>\n<h3>Scene 1&nbsp;: Jim and the Chief<\/h3>\n<p><em>The story begins in the headquarters of the Space Spies.<\/em><\/p>\n<p><strong>Chief:<\/strong> Jim, I know it\u2019s your day off, but I have a dangerous mission for you.<\/p>\n<p><strong>Jim:<\/strong> Don\u2019t worry, Chief. I\u2019m always ready to face any danger.<\/p>\n<p><strong>Chief:<\/strong> The evil Dark Swabber has escaped from jail. He wants to destroy the universe \u2014 again!<\/p>\n<p><strong>Jim:<\/strong> You can count on me, Chief. I\u2019ll find him and put him back in jail.<\/p>\n<p><strong>Chief:<\/strong> Be careful. He\u2019s extremely dangerous. Every spy we\u2019ve sent after him has disappeared.<\/p>\n<p><strong>Jim:<\/strong> I\u2019m not afraid of anything, Chief!<\/p>\n<p><strong>Chief:<\/strong> You\u2019re a brave man, Jim. Here\u2019s the plan to find the fortress where he\u2019s hiding.<\/p>\n<p><em>The Chief hands Jim a USB key \u2014 or some gadget like that.<\/em><\/p>\n<p><strong>Chief:<\/strong> First, you\u2019ll have to travel to the Frog Planet. The Frogmen there will give you a secret weapon \u2014 the only thing that can paralyze Dark Swabber.<\/p>\n<p><strong>Jim:<\/strong> Got it, Chief. I\u2019ll call Robby, my loyal robot, and we\u2019ll take off right away.<\/p>\n<p><strong>Chief:<\/strong> I hope I\u2019ll see you again someday, Jim.<\/p>\n<p><strong>Jim:<\/strong> You will, Chief. See you soon!<\/p>\n<p>&nbsp;<\/p>\n<h3>Scene 2 of this free children\u2019s theatre script&nbsp;: Jim and Robby<\/h3>\n<p><em>The story moves to Jim\u2019s spaceship. Robby can hold a steering wheel or pretend to pilot the ship.<\/em><\/p>\n<p><strong>Jim:<\/strong> I just love the stars. They\u2019re my only friends out here.<\/p>\n<p><strong>Robby:<\/strong> Sir, may I ask you a question?<\/p>\n<p><strong>Jim:<\/strong> Of course, Robby. Go ahead.<\/p>\n<p><strong>Robby:<\/strong> All the spies who went after Dark Swabber disappeared\u2026 and yet you still accepted this mission. Why?<\/p>\n<p><strong>Jim:<\/strong> Ever since I lost my beloved Leya, I\u2019ve had no reason to live.<\/p>\n<p><strong>Robby:<\/strong> What happened to her?<\/p>\n<p><strong>Jim:<\/strong> Her starship was hit by an asteroid. It exploded in space.<\/p>\n<p><strong>Robby:<\/strong> That\u2019s such a sad story.<\/p>\n<p><strong>Jim (looking thoughtful):<\/strong> Yes. She was the best of all the Space Spies.<\/p>\n<p><strong>Robby:<\/strong> Fasten your seatbelt, sir. We\u2019re going into light speed!<\/p>\n<p><em>Sound effect: whoooosh \u2014 light-speed jump!\u00a0 End of scene \u2014 from this free children\u2019s theatre script.<\/em><\/p>\n<p>&nbsp;<\/p>\n<h3>Scene 3&nbsp;: Jim, Robby, and the Frogman<\/h3>\n<p><em>Jim and Robby have landed on the Frog Planet. They walk carefully, looking around.<\/em><\/p>\n<p><strong>Jim:<\/strong> This planet is huge! Looks like nobody\u2019s here.<\/p>\n<p><strong>Robby:<\/strong> My sensors are picking up a presence, sir.<\/p>\n<p><em>Suddenly, a Frogman jumps out from behind a rock.<\/em><\/p>\n<p><strong>Frogman:<\/strong> Ribbit!<\/p>\n<p><strong>Jim:<\/strong> I\u2019m Jim, and I\u2019ve come to get the secret weapon.<\/p>\n<p><strong>Frogman:<\/strong> Ribbit, ribbit, ribbit, ribbit, ribbit!<\/p>\n<p><strong>Robby:<\/strong> He\u2019s speaking Frog, sir. I\u2019ll translate. You are welcome on his planet.<\/p>\n<p><strong>Jim:<\/strong> Great! But we have to hurry\u2014time is running out.<\/p>\n<p><strong>Frogman:<\/strong> Ribbit, ribbit, ribbit, ribbit, ribbit!<\/p>\n<p><strong>Robby:<\/strong> Here it is\u2014the secret weapon. It\u2019s a bellows!<\/p>\n<p><strong>Jim:<\/strong> A bellows? That\u2019s strange.<\/p>\n<p><strong>Robby:<\/strong> This bellows is filled with poisoned air. It will paralyze Dark Swabber.<\/p>\n<p><strong>Frogman:<\/strong> Ribbit, ribbit, ribbit, ribbit, ribbit!<\/p>\n<p><em>The Frogman catches a fly with his tongue.<\/em><\/p>\n<p><strong>Robby:<\/strong> He wishes you good luck, sir.<\/p>\n<p>&nbsp;<\/p>\n<p><strong>To obtain the full version of this free children\u2019s theatre script, you simply need to follow the procedure as if you were purchasing the text. No payment information will be requested.<\/strong><\/p>\n","protected":false},"excerpt":{"rendered":"<p>Jim is a space spy who receives a mission from his Chief: to capture the evil Dark Swabber, who wants to destroy the universe. Joined by Robby, his loyal robot, Jim travels to the Frog Planet to find a secret weapon \u2014 then heads for Dark Swabber\u2019s impenetrable fortress.<\/p>\n<p>This easy-to-perform play was written for beginners. All characters are gender-neutral. However, please note that there is a love story between Jim and Leya.<\/p>\n<p>To obtain the full version of this free children\u2019s theatre script, you simply need to follow the procedure as if you were purchasing the text. No payment information will be requested.<\/p>\n","protected":false},"featured_media":44101,"template":"","meta":{"_acf_changed":false,"site-sidebar-layout":"default","site-content-layout":"default","ast-site-content-layout":"default","site-content-style":"default","site-sidebar-style":"default","ast-global-header-display":"","ast-banner-title-visibility":"","ast-main-header-display":"","ast-hfb-above-header-display":"","ast-hfb-below-header-display":"","ast-hfb-mobile-header-display":"","site-post-title":"","ast-breadcrumbs-content":"","ast-featured-img":"","footer-sml-layout":"","ast-disable-related-posts":"","theme-transparent-header-meta":"default","adv-header-id-meta":"","stick-header-meta":"","header-above-stick-meta":"","header-main-stick-meta":"","header-below-stick-meta":"","astra-migrate-meta-layouts":"set","ast-page-background-enabled":"default","ast-page-background-meta":{"desktop":{"background-color":"","background-image":"","background-repeat":"repeat","background-position":"center center","background-size":"auto","background-attachment":"scroll","background-type":"","background-media":"","overlay-type":"","overlay-color":"","overlay-opacity":"","overlay-gradient":""},"tablet":{"background-color":"","background-image":"","background-repeat":"repeat","background-position":"center center","background-size":"auto","background-attachment":"scroll","background-type":"","background-media":"","overlay-type":"","overlay-color":"","overlay-opacity":"","overlay-gradient":""},"mobile":{"background-color":"","background-image":"","background-repeat":"repeat","background-position":"center center","background-size":"auto","background-attachment":"scroll","background-type":"","background-media":"","overlay-type":"","overlay-color":"","overlay-opacity":"","overlay-gradient":""}},"ast-content-background-meta":{"desktop":{"background-color":"var(--ast-global-color-5)","background-image":"","background-repeat":"repeat","background-position":"center center","background-size":"auto","background-attachment":"scroll","background-type":"","background-media":"","overlay-type":"","overlay-color":"","overlay-opacity":"","overlay-gradient":""},"tablet":{"background-color":"var(--ast-global-color-5)","background-image":"","background-repeat":"repeat","background-position":"center center","background-size":"auto","background-attachment":"scroll","background-type":"","background-media":"","overlay-type":"","overlay-color":"","overlay-opacity":"","overlay-gradient":""},"mobile":{"background-color":"var(--ast-global-color-5)","background-image":"","background-repeat":"repeat","background-position":"center center","background-size":"auto","background-attachment":"scroll","background-type":"","background-media":"","overlay-type":"","overlay-color":"","overlay-opacity":"","overlay-gradient":""}}},"product_brand":[],"product_cat":[946,947,945],"product_tag":[],"class_list":{"0":"post-44254","1":"product","2":"type-product","3":"status-publish","4":"has-post-thumbnail","6":"product_cat-ages-5-to-8","7":"product_cat-ages-8-to-13","8":"product_cat-play-scripts","9":"pa_duree-under-20-minutes","10":"pa_groupe-age-ages-5-to-8","11":"pa_groupe-age-ages-8-to-13","12":"pa_niveau-beginner","13":"pa_niveau-intermediate","14":"pa_nombre-de-comediens-3-to-6","15":"pa_style-theme-comedy","16":"pa_style-theme-sci-fi","17":"desktop-align-left","18":"tablet-align-left","19":"mobile-align-left","20":"wcpa_has_options","22":"first","23":"instock","24":"sold-individually","25":"taxable","26":"shipping-taxable","27":"purchasable","28":"product-type-variable"},"acf":[],"yoast_head":"<!-- This site is optimized with the Yoast SEO Premium plugin v27.3 (Yoast SEO v27.3) - https:\/\/yoast.com\/product\/yoast-seo-premium-wordpress\/ -->\n<title>Free children\u2019s theatre script<\/title>\n<meta name=\"description\" content=\"A free children\u2019s theatre script created for beginner actors. This engaging sci-fi comedy is ideal for classrooms, drama teachers, and school productions.\" \/>\n<meta name=\"robots\" content=\"index, follow, max-snippet:-1, max-image-preview:large, max-video-preview:-1\" \/>\n<link rel=\"canonical\" href=\"https:\/\/theatreanimagination.com\/en\/product\/free-childrens-theatre-script\/\" \/>\n<meta property=\"og:locale\" content=\"en_US\" \/>\n<meta property=\"og:type\" content=\"article\" \/>\n<meta property=\"og:title\" content=\"The Space Spies\" \/>\n<meta property=\"og:description\" content=\"A free children\u2019s theatre script created for beginner actors. This engaging sci-fi comedy is ideal for classrooms, drama teachers, and school productions.\" \/>\n<meta property=\"og:url\" content=\"https:\/\/theatreanimagination.com\/en\/product\/free-childrens-theatre-script\/\" \/>\n<meta property=\"og:site_name\" content=\"Th\u00e9\u00e2tre Animagination\" \/>\n<meta property=\"article:publisher\" content=\"https:\/\/www.facebook.com\/theatreanimagination\/\" \/>\n<meta property=\"article:modified_time\" content=\"2025-12-10T00:10:41+00:00\" \/>\n<meta property=\"og:image\" content=\"https:\/\/theatreanimagination.com\/wp-content\/uploads\/espionsdelespace2023IA2.jpg\" \/>\n\t<meta property=\"og:image:width\" content=\"2048\" \/>\n\t<meta property=\"og:image:height\" content=\"2048\" \/>\n\t<meta property=\"og:image:type\" content=\"image\/jpeg\" \/>\n<meta name=\"twitter:card\" content=\"summary_large_image\" \/>\n<meta name=\"twitter:label1\" content=\"Est. reading time\" \/>\n\t<meta name=\"twitter:data1\" content=\"4 minutes\" \/>\n<script type=\"application\/ld+json\" class=\"yoast-schema-graph\">{\"@context\":\"https:\\\/\\\/schema.org\",\"@graph\":[{\"@type\":\"WebPage\",\"@id\":\"https:\\\/\\\/theatreanimagination.com\\\/en\\\/product\\\/free-childrens-theatre-script\\\/\",\"url\":\"https:\\\/\\\/theatreanimagination.com\\\/en\\\/product\\\/free-childrens-theatre-script\\\/\",\"name\":\"Free children\u2019s theatre script\",\"isPartOf\":{\"@id\":\"https:\\\/\\\/theatreanimagination.com\\\/en\\\/#website\"},\"primaryImageOfPage\":{\"@id\":\"https:\\\/\\\/theatreanimagination.com\\\/en\\\/product\\\/free-childrens-theatre-script\\\/#primaryimage\"},\"image\":{\"@id\":\"https:\\\/\\\/theatreanimagination.com\\\/en\\\/product\\\/free-childrens-theatre-script\\\/#primaryimage\"},\"thumbnailUrl\":\"https:\\\/\\\/theatreanimagination.com\\\/wp-content\\\/uploads\\\/espionsdelespace2023IA2.jpg\",\"datePublished\":\"2015-08-27T23:12:00+00:00\",\"dateModified\":\"2025-12-10T00:10:41+00:00\",\"description\":\"A free children\u2019s theatre script created for beginner actors. This engaging sci-fi comedy is ideal for classrooms, drama teachers, and school productions.\",\"breadcrumb\":{\"@id\":\"https:\\\/\\\/theatreanimagination.com\\\/en\\\/product\\\/free-childrens-theatre-script\\\/#breadcrumb\"},\"inLanguage\":\"en-US\",\"potentialAction\":[{\"@type\":\"ReadAction\",\"target\":[\"https:\\\/\\\/theatreanimagination.com\\\/en\\\/product\\\/free-childrens-theatre-script\\\/\"]}]},{\"@type\":\"ImageObject\",\"inLanguage\":\"en-US\",\"@id\":\"https:\\\/\\\/theatreanimagination.com\\\/en\\\/product\\\/free-childrens-theatre-script\\\/#primaryimage\",\"url\":\"https:\\\/\\\/theatreanimagination.com\\\/wp-content\\\/uploads\\\/espionsdelespace2023IA2.jpg\",\"contentUrl\":\"https:\\\/\\\/theatreanimagination.com\\\/wp-content\\\/uploads\\\/espionsdelespace2023IA2.jpg\",\"width\":2048,\"height\":2048,\"caption\":\"Free children\u2019s theatre script for classroom and school plays\"},{\"@type\":\"BreadcrumbList\",\"@id\":\"https:\\\/\\\/theatreanimagination.com\\\/en\\\/product\\\/free-childrens-theatre-script\\\/#breadcrumb\",\"itemListElement\":[{\"@type\":\"ListItem\",\"position\":1,\"name\":\"Accueil\",\"item\":\"https:\\\/\\\/theatreanimagination.com\\\/en\\\/\"},{\"@type\":\"ListItem\",\"position\":2,\"name\":\"Shop\",\"item\":\"https:\\\/\\\/theatreanimagination.com\\\/en\\\/shop\\\/\"},{\"@type\":\"ListItem\",\"position\":3,\"name\":\"Play Scripts\",\"item\":\"https:\\\/\\\/theatreanimagination.com\\\/en\\\/product-category\\\/play-scripts\\\/\"},{\"@type\":\"ListItem\",\"position\":4,\"name\":\"Ages 5 to 8\",\"item\":\"https:\\\/\\\/theatreanimagination.com\\\/en\\\/product-category\\\/play-scripts\\\/ages-5-to-8\\\/\"},{\"@type\":\"ListItem\",\"position\":5,\"name\":\"The Space Spies\"}]},{\"@type\":\"WebSite\",\"@id\":\"https:\\\/\\\/theatreanimagination.com\\\/en\\\/#website\",\"url\":\"https:\\\/\\\/theatreanimagination.com\\\/en\\\/\",\"name\":\"Th\u00e9\u00e2tre Animagination\",\"description\":\"Textes de th\u00e9\u00e2tre pour enfants\",\"publisher\":{\"@id\":\"https:\\\/\\\/theatreanimagination.com\\\/en\\\/#organization\"},\"potentialAction\":[{\"@type\":\"SearchAction\",\"target\":{\"@type\":\"EntryPoint\",\"urlTemplate\":\"https:\\\/\\\/theatreanimagination.com\\\/en\\\/?s={search_term_string}\"},\"query-input\":{\"@type\":\"PropertyValueSpecification\",\"valueRequired\":true,\"valueName\":\"search_term_string\"}}],\"inLanguage\":\"en-US\"},{\"@type\":\"Organization\",\"@id\":\"https:\\\/\\\/theatreanimagination.com\\\/en\\\/#organization\",\"name\":\"Th\u00e9\u00e2tre Animagination\",\"url\":\"https:\\\/\\\/theatreanimagination.com\\\/en\\\/\",\"logo\":{\"@type\":\"ImageObject\",\"inLanguage\":\"en-US\",\"@id\":\"https:\\\/\\\/theatreanimagination.com\\\/en\\\/#\\\/schema\\\/logo\\\/image\\\/\",\"url\":\"https:\\\/\\\/theatreanimagination.com\\\/wp-content\\\/uploads\\\/2019\\\/07\\\/Theatre-Animagination.png\",\"contentUrl\":\"https:\\\/\\\/theatreanimagination.com\\\/wp-content\\\/uploads\\\/2019\\\/07\\\/Theatre-Animagination.png\",\"width\":236,\"height\":124,\"caption\":\"Th\u00e9\u00e2tre Animagination\"},\"image\":{\"@id\":\"https:\\\/\\\/theatreanimagination.com\\\/en\\\/#\\\/schema\\\/logo\\\/image\\\/\"},\"sameAs\":[\"https:\\\/\\\/www.facebook.com\\\/theatreanimagination\\\/\",\"https:\\\/\\\/www.pinterest.fr\\\/source\\\/theatreanimagination.com\\\/\",\"https:\\\/\\\/www.youtube.com\\\/channel\\\/UCB_XCMuch-MLldpuIhh7AZw\"]}]}<\/script>\n<!-- \/ Yoast SEO Premium plugin. -->","yoast_head_json":{"title":"Free children\u2019s theatre script","description":"A free children\u2019s theatre script created for beginner actors. This engaging sci-fi comedy is ideal for classrooms, drama teachers, and school productions.","robots":{"index":"index","follow":"follow","max-snippet":"max-snippet:-1","max-image-preview":"max-image-preview:large","max-video-preview":"max-video-preview:-1"},"canonical":"https:\/\/theatreanimagination.com\/en\/product\/free-childrens-theatre-script\/","og_locale":"en_US","og_type":"article","og_title":"The Space Spies","og_description":"A free children\u2019s theatre script created for beginner actors. This engaging sci-fi comedy is ideal for classrooms, drama teachers, and school productions.","og_url":"https:\/\/theatreanimagination.com\/en\/product\/free-childrens-theatre-script\/","og_site_name":"Th\u00e9\u00e2tre Animagination","article_publisher":"https:\/\/www.facebook.com\/theatreanimagination\/","article_modified_time":"2025-12-10T00:10:41+00:00","og_image":[{"width":2048,"height":2048,"url":"https:\/\/theatreanimagination.com\/wp-content\/uploads\/espionsdelespace2023IA2.jpg","type":"image\/jpeg"}],"twitter_card":"summary_large_image","twitter_misc":{"Est. reading time":"4 minutes"},"schema":{"@context":"https:\/\/schema.org","@graph":[{"@type":"WebPage","@id":"https:\/\/theatreanimagination.com\/en\/product\/free-childrens-theatre-script\/","url":"https:\/\/theatreanimagination.com\/en\/product\/free-childrens-theatre-script\/","name":"Free children\u2019s theatre script","isPartOf":{"@id":"https:\/\/theatreanimagination.com\/en\/#website"},"primaryImageOfPage":{"@id":"https:\/\/theatreanimagination.com\/en\/product\/free-childrens-theatre-script\/#primaryimage"},"image":{"@id":"https:\/\/theatreanimagination.com\/en\/product\/free-childrens-theatre-script\/#primaryimage"},"thumbnailUrl":"https:\/\/theatreanimagination.com\/wp-content\/uploads\/espionsdelespace2023IA2.jpg","datePublished":"2015-08-27T23:12:00+00:00","dateModified":"2025-12-10T00:10:41+00:00","description":"A free children\u2019s theatre script created for beginner actors. This engaging sci-fi comedy is ideal for classrooms, drama teachers, and school productions.","breadcrumb":{"@id":"https:\/\/theatreanimagination.com\/en\/product\/free-childrens-theatre-script\/#breadcrumb"},"inLanguage":"en-US","potentialAction":[{"@type":"ReadAction","target":["https:\/\/theatreanimagination.com\/en\/product\/free-childrens-theatre-script\/"]}]},{"@type":"ImageObject","inLanguage":"en-US","@id":"https:\/\/theatreanimagination.com\/en\/product\/free-childrens-theatre-script\/#primaryimage","url":"https:\/\/theatreanimagination.com\/wp-content\/uploads\/espionsdelespace2023IA2.jpg","contentUrl":"https:\/\/theatreanimagination.com\/wp-content\/uploads\/espionsdelespace2023IA2.jpg","width":2048,"height":2048,"caption":"Free children\u2019s theatre script for classroom and school plays"},{"@type":"BreadcrumbList","@id":"https:\/\/theatreanimagination.com\/en\/product\/free-childrens-theatre-script\/#breadcrumb","itemListElement":[{"@type":"ListItem","position":1,"name":"Accueil","item":"https:\/\/theatreanimagination.com\/en\/"},{"@type":"ListItem","position":2,"name":"Shop","item":"https:\/\/theatreanimagination.com\/en\/shop\/"},{"@type":"ListItem","position":3,"name":"Play Scripts","item":"https:\/\/theatreanimagination.com\/en\/product-category\/play-scripts\/"},{"@type":"ListItem","position":4,"name":"Ages 5 to 8","item":"https:\/\/theatreanimagination.com\/en\/product-category\/play-scripts\/ages-5-to-8\/"},{"@type":"ListItem","position":5,"name":"The Space Spies"}]},{"@type":"WebSite","@id":"https:\/\/theatreanimagination.com\/en\/#website","url":"https:\/\/theatreanimagination.com\/en\/","name":"Th\u00e9\u00e2tre Animagination","description":"Textes de th\u00e9\u00e2tre pour enfants","publisher":{"@id":"https:\/\/theatreanimagination.com\/en\/#organization"},"potentialAction":[{"@type":"SearchAction","target":{"@type":"EntryPoint","urlTemplate":"https:\/\/theatreanimagination.com\/en\/?s={search_term_string}"},"query-input":{"@type":"PropertyValueSpecification","valueRequired":true,"valueName":"search_term_string"}}],"inLanguage":"en-US"},{"@type":"Organization","@id":"https:\/\/theatreanimagination.com\/en\/#organization","name":"Th\u00e9\u00e2tre Animagination","url":"https:\/\/theatreanimagination.com\/en\/","logo":{"@type":"ImageObject","inLanguage":"en-US","@id":"https:\/\/theatreanimagination.com\/en\/#\/schema\/logo\/image\/","url":"https:\/\/theatreanimagination.com\/wp-content\/uploads\/2019\/07\/Theatre-Animagination.png","contentUrl":"https:\/\/theatreanimagination.com\/wp-content\/uploads\/2019\/07\/Theatre-Animagination.png","width":236,"height":124,"caption":"Th\u00e9\u00e2tre Animagination"},"image":{"@id":"https:\/\/theatreanimagination.com\/en\/#\/schema\/logo\/image\/"},"sameAs":["https:\/\/www.facebook.com\/theatreanimagination\/","https:\/\/www.pinterest.fr\/source\/theatreanimagination.com\/","https:\/\/www.youtube.com\/channel\/UCB_XCMuch-MLldpuIhh7AZw"]}]}},"wcpa_form_fields":{"wcpaData":{"product":{"product_price":0,"price_html":"<span class=\"woocs_price_code\" data-product-id=\"44254\"><span class=\"woocommerce-Price-amount amount\"><bdi>0,00&nbsp;<span class=\"woocommerce-Price-currencySymbol\">$CA<\/span><\/bdi><\/span><\/span>","original_product_price":0,"price_including_tax":0,"price_excluding_tax":0,"product_id":{"parent":44254,"variation":false},"is_variable":true,"stock_status":"instock","stock_quantity":null,"parent_sku":"textes-espions-de-espace","product_attributes":{"pa_duree":{"is_variation":false,"values":["under-20-minutes"]},"duree-exacte":{"is_variation":false,"values":["10 min. (5 pages)"]},"pa_style-theme":{"is_variation":false,"values":["comedy","sci-fi"]},"style-theme-detaille":{"is_variation":false,"values":["Sci-fi comedy"]},"pa_niveau":{"is_variation":false,"values":["beginner","intermediate"]},"lieu":{"is_variation":false,"values":["Spaceship"]},"pa_groupe-age":{"is_variation":false,"values":["ages-5-to-8","ages-8-to-13"]},"pa_nombre-de-comediens":{"is_variation":false,"values":["3-to-6"]},"nombre-de-comediens-exact":{"is_variation":false,"values":["6"]},"pa_options-achat":{"is_variation":true,"values":[]}},"custom_fields":[],"is_taxable":true,"product_name":"The Space Spies","hasImage":false},"fields":{"sec_0690396a2adae2":{"extra":{"key":"sec_0690396a2adae2","section_id":"sec_0690396a2adae2","name":"Default","status":1,"cl_rule":"show","enableCl":false,"relations":[],"toggle":true,"title_tag":"h3","show_title":false,"showPrice":"default","form_id":43750,"form_rules":{"exclude_from_discount":false,"fee_label":"Fee","disp_hide_options_price":false,"disp_show_section_price":false,"disp_show_field_price":true,"layout_option":"standard","pric_use_as_fee":false,"process_fee_as":"woo_fee"},"layout_option":"standard"},"fields":[[{"type":"number","elementId":"wcpa-number-645a7678b0714","label":"Number of public performances","description":"Leave blank if you do not want to add public performances","enablePrice":true,"pricingType":"multiply","price":"10","min":"0","step":"1","className":"form-control","name":"number-645a7678b0719","enableCl":true,"cl_rule":"show","cl_val":"907","operator":"or","col":6,"relations":[{"operator":false,"rules":[{"operator":"or","rules":{"cl_field":"attribute","cl_relation":"is","cl_val":"play-script-under-15","cl_field_sub":"pa_options-achat"}},{"operator":"or","rules":{"cl_field":"attribute","cl_relation":"is","cl_val":"play-script-15-25","cl_field_sub":"pa_options-achat"}},{"operator":false,"rules":{"cl_field":"attribute","cl_relation":"is","cl_val":"play-script-over-25","cl_field_sub":"pa_options-achat"}}]}],"active":true,"tooltip":"","isWeightTemplate":false,"error":false,"isTemplate":false,"min_quantity":"1","quantity_decimal":false,"quantity_step":"1","quantity_label":"Quantity","repeater_field_label":"{field_label}","repeater_bind":"","gt_translate_keys":["label","description","tooltip","repeater_field_label","quantity_label"],"price_dependency":false,"cl_dependency":false,"value":""}],[{"type":"number","required":true,"elementId":"wcpa-number-1683650982500","label":"Number of public performances","enablePrice":true,"pricingType":"multiply","price":"10","min":"1","step":"1","className":"form-control","name":"number-1683650982498","enableCl":true,"cl_rule":"show","cl_val":"908","operator":"or","col":6,"relations":[{"operator":false,"rules":[{"operator":"or","rules":{"cl_field":"attribute","cl_relation":"is","cl_val":"performance-rights-only-under-15","cl_field_sub":"pa_options-achat"}},{"operator":"or","rules":{"cl_field":"attribute","cl_relation":"is","cl_val":"performance-rights-only-15-25","cl_field_sub":"pa_options-achat"}},{"operator":false,"rules":{"cl_field":"attribute","cl_relation":"is","cl_val":"performance-rights-only-over-25","cl_field_sub":"pa_options-achat"}}]}],"active":true,"tooltip":"","isWeightTemplate":false,"error":false,"isTemplate":false,"min_quantity":"1","quantity_decimal":false,"quantity_step":"1","quantity_label":"Quantity","repeater_field_label":"{field_label}","repeater_bind":"","gt_translate_keys":["label","tooltip","repeater_field_label","quantity_label"],"price_dependency":false,"cl_dependency":false,"value":""}]]}},"config":{"price_override":"","enable_recaptcha":false,"bind_quantity":false,"quantity_bind_formula":false,"disp_summ_show_option_price":true,"disp_summ_show_product_price":true,"disp_summ_show_total_price":true,"disp_summ_show_fee":false,"disp_summ_show_discount":false,"summary_title":"","options_total_label":"Options price","total_label":"Total","options_product_label":"Product price","fee_label":"Fee","discount_label":"Discount","has_price":true,"has_quantity_formula":false},"mc_unit":1,"tax_rate":1,"tax_rate_real":0,"discount":{"percentage":0,"fixed":0},"design":{"conf":{"LabelPosition":"above","DescPosition":"above","UploadField":"custom_1","QuantityFieldStyle":"default"},"css":{"LeftLabelWidth":"120px"}},"formulas":[],"lookuptables":[],"clones":false,"cartKey":false}},"_links":{"self":[{"href":"https:\/\/theatreanimagination.com\/en\/wp-json\/wp\/v2\/product\/44254","targetHints":{"allow":["GET"]}}],"collection":[{"href":"https:\/\/theatreanimagination.com\/en\/wp-json\/wp\/v2\/product"}],"about":[{"href":"https:\/\/theatreanimagination.com\/en\/wp-json\/wp\/v2\/types\/product"}],"wp:featuredmedia":[{"embeddable":true,"href":"https:\/\/theatreanimagination.com\/en\/wp-json\/wp\/v2\/media\/44101"}],"wp:attachment":[{"href":"https:\/\/theatreanimagination.com\/en\/wp-json\/wp\/v2\/media?parent=44254"}],"wp:term":[{"taxonomy":"product_brand","embeddable":true,"href":"https:\/\/theatreanimagination.com\/en\/wp-json\/wp\/v2\/product_brand?post=44254"},{"taxonomy":"product_cat","embeddable":true,"href":"https:\/\/theatreanimagination.com\/en\/wp-json\/wp\/v2\/product_cat?post=44254"},{"taxonomy":"product_tag","embeddable":true,"href":"https:\/\/theatreanimagination.com\/en\/wp-json\/wp\/v2\/product_tag?post=44254"}],"curies":[{"name":"wp","href":"https:\/\/api.w.org\/{rel}","templated":true}]}}